{"id":179,"date":"2022-03-28T15:16:08","date_gmt":"2022-03-28T15:16:08","guid":{"rendered":"http:\/\/beehome.al\/?page_id=179"},"modified":"2022-06-21T20:17:12","modified_gmt":"2022-06-21T20:17:12","slug":"about-us","status":"publish","type":"page","link":"https:\/\/beehome.al\/?page_id=179","title":{"rendered":"About us"},"content":{"rendered":"\n\t<div id=\"text-420350632\" class=\"text\">\n\t\t\n\n<p>Bee Home Albania ndodhet ne Vor\u00eb, Tiran\u00eb dhe \u00ebsht\u00eb nj\u00eb lider n\u00eb tregun e pajisjeve t\u00eb blet\u00ebrritjes dhe jo vet\u00ebm. Me m\u00eb shum\u00eb se 10 vite n\u00eb treg ne kemi qen\u00eb pran\u00eb blet\u00ebrritesve t\u00eb thjesht\u00eb si dhe korporatat e bleterrit\u00ebsve. Ne mundohemi gjithmon\u00eb t\u00eb japim produktet m\u00eb t\u00eb mira dhe m\u00eb cil\u00ebsore q\u00eb ka tregu me \u00e7mimet m\u00eb t\u00eb arsyeshme<\/p>\n\n\t\t\n<style>\n#text-420350632 {\n  font-size: 1.45rem;\n  line-height: 1.65;\n}\n<\/style>\n\t<\/div>\n\t\n\n","protected":false},"excerpt":{"rendered":"","protected":false},"author":1,"featured_media":0,"parent":0,"menu_order":0,"comment_status":"closed","ping_status":"closed","template":"","meta":{"inline_featured_image":false,"footnotes":""},"class_list":["post-179","page","type-page","status-publish","hentry"],"jetpack_sharing_enabled":true,"_links":{"self":[{"href":"https:\/\/beehome.al\/index.php?rest_route=\/wp\/v2\/pages\/179","targetHints":{"allow":["GET"]}}],"collection":[{"href":"https:\/\/beehome.al\/index.php?rest_route=\/wp\/v2\/pages"}],"about":[{"href":"https:\/\/beehome.al\/index.php?rest_route=\/wp\/v2\/types\/page"}],"author":[{"embeddable":true,"href":"https:\/\/beehome.al\/index.php?rest_route=\/wp\/v2\/users\/1"}],"replies":[{"embeddable":true,"href":"https:\/\/beehome.al\/index.php?rest_route=%2Fwp%2Fv2%2Fcomments&post=179"}],"version-history":[{"count":3,"href":"https:\/\/beehome.al\/index.php?rest_route=\/wp\/v2\/pages\/179\/revisions"}],"predecessor-version":[{"id":287,"href":"https:\/\/beehome.al\/index.php?rest_route=\/wp\/v2\/pages\/179\/revisions\/287"}],"wp:attachment":[{"href":"https:\/\/beehome.al\/index.php?rest_route=%2Fwp%2Fv2%2Fmedia&parent=179"}],"curies":[{"name":"wp","href":"https:\/\/api.w.org\/{rel}","templated":true}]}}